{"id":50,"date":"2024-06-14T15:01:57","date_gmt":"2024-06-14T13:01:57","guid":{"rendered":"http:\/\/localhost:8080\/?page_id=50"},"modified":"2025-03-07T21:22:34","modified_gmt":"2025-03-07T20:22:34","slug":"contact","status":"publish","type":"page","link":"https:\/\/www.registre-epi.com\/bienvenu\/contact\/","title":{"rendered":"Contact"},"content":{"rendered":"\n<h1 class=\"orange\">R\u00e9server une pr\u00e9sentation ou nous contacter<\/h1>\n<h6>Nous vous r\u00e9pondrons rapidement quelque soit le moyen de contact<\/h6>\n\n<!-- Google Calendar Appointment Scheduling begin -->\n<iframe title=\"google-calendar-appointment\" src=\"https:\/\/calendar.google.com\/calendar\/appointments\/schedules\/AcZssZ0NQ0hqX9jZOWmOFhnWwnHNB_BrKbWOk8lTC7cNkDILw98CRn7CeGY59jSRajnktwcff2vYuZev?gv=true\" style=\"border: 0\" width=\"100%\" height=\"750\" frameborder=\"0\" loading=\"lazy\"><\/iframe>\n<!-- end Google Calendar Appointment Scheduling -->\n\n<section id=\"contact\">\n    <div id=\"contact-card-column\">\n        <div class=\"contact-card\">\n            <i class=\"bi bi-envelope\" style=\"font-size: 2rem; color: var(--orange)\"><\/i>\n            <h5>Envoyer un mail<\/h5>\n            <a href=\"mailto:contact@registre-epi.com\">contact@registre-epi.com<\/a>\n        <\/div>\n        <div class=\"contact-card\">\n            <i class=\"bi bi-telephone\" style=\"font-size: 2rem; color: var(--orange)\"><\/i>\n            <h5>Appelez-nous<\/h5>\n            <a href=\"tel:+33678833642\">06 78 83 36 42<\/a>\n        <\/div>\n        <div class=\"contact-card\">\n            <i class=\"bi bi-geo-alt\" style=\"font-size: 2rem; color: var(--orange)\"><\/i>\n            <h5>Si\u00e8ge Social<\/h5>\n            <p>11 Route des puys &#8211; 63230 Saint Ours<\/p>\n        <\/div>\n    <\/div>\n\n    <form action=\"https:\/\/www.registre-epi.com\/template\/forms\/valid_form_contact.php\" method=\"post\" class=\"contact-form\">\n        <div class=\"input-group flex-nowrap\">\n            <input type=\"text\" class=\"form-control\" placeholder=\"Nom et pr\u00e9nom\" aria-label=\"Nom et pr\u00e9nom\" aria-describedby=\"addon-wrapping\" title=\"Nom et pr\u00e9nom\" name=\"name\" required \/>\n        <\/div>\n        <div class=\"input-group flex-nowrap\">\n            <input type=\"text\" class=\"form-control\" placeholder=\"Email\" aria-label=\"Email\" aria-describedby=\"addon-wrapping\" title=\"Email\" name=\"email\" required \/>\n        <\/div>\n        <div class=\"input-group flex-nowrap\">\n            <input type=\"text\" class=\"form-control\" value=\"Sujet: Demande de renseignement\" aria-label=\"Sujet\" aria-describedby=\"addon-wrapping\" title=\"Sujet\" name=\"subject\" required readonly \/>\n        <\/div>\n        <div class=\"input-group flex-nowrap\">\n            <input type=\"text\" class=\"form-control\" placeholder=\"T\u00e9l\u00e9phone\" aria-label=\"T\u00e9l\u00e9phone\" aria-describedby=\"addon-wrapping\" title=\"T\u00e9l\u00e9phone\" name=\"tel\" required \/>\n        <\/div>\n        <div class=\"mb-3\">\n            <textarea class=\"form-control\" id=\"contact-message\" rows=\"11\" title=\"Message\" name=\"message\">\nBonjour, \n\nNous sommes int\u00e9ress\u00e9\u00b7es par votre application et souhaiterions une d\u00e9monstration de celle-ci.\nPouvez-vous me recontacter \u00e0 l&rsquo;adresse email ou au num\u00e9ro de t\u00e9l\u00e9phone renseign\u00e9s?\n\nCordialement,\n            <\/textarea>\n        <\/div>\n        <div class=\"col-12\">\n            <button class=\"btn orange-btn\" type=\"submit\">Envoyer<\/button>\n        <\/div>\n    <\/form>\n<\/section>\n\n","protected":false},"excerpt":{"rendered":"<p>R\u00e9server une pr\u00e9sentation ou nous contacter Nous vous r\u00e9pondrons rapidement quelque soit le moyen de contact Envoyer un mail contact@registre-epi.com Appelez-nous 06 78 83 36 42 Si\u00e8ge Social 11 Route des puys &#8211; 63230 Saint Ours Bonjour, Nous sommes int\u00e9ress\u00e9\u00b7es par votre application et souhaiterions une d\u00e9monstration de celle-ci. Pouvez-vous me recontacter \u00e0 l&rsquo;adresse email [&hellip;]<\/p>\n","protected":false},"author":1,"featured_media":0,"parent":0,"menu_order":0,"comment_status":"closed","ping_status":"closed","template":"","meta":{"inline_featured_image":false,"footnotes":""},"class_list":["post-50","page","type-page","status-publish","hentry"],"_links":{"self":[{"href":"https:\/\/www.registre-epi.com\/bienvenu\/wp-json\/wp\/v2\/pages\/50","targetHints":{"allow":["GET"]}}],"collection":[{"href":"https:\/\/www.registre-epi.com\/bienvenu\/wp-json\/wp\/v2\/pages"}],"about":[{"href":"https:\/\/www.registre-epi.com\/bienvenu\/wp-json\/wp\/v2\/types\/page"}],"author":[{"embeddable":true,"href":"https:\/\/www.registre-epi.com\/bienvenu\/wp-json\/wp\/v2\/users\/1"}],"replies":[{"embeddable":true,"href":"https:\/\/www.registre-epi.com\/bienvenu\/wp-json\/wp\/v2\/comments?post=50"}],"version-history":[{"count":31,"href":"https:\/\/www.registre-epi.com\/bienvenu\/wp-json\/wp\/v2\/pages\/50\/revisions"}],"predecessor-version":[{"id":609,"href":"https:\/\/www.registre-epi.com\/bienvenu\/wp-json\/wp\/v2\/pages\/50\/revisions\/609"}],"wp:attachment":[{"href":"https:\/\/www.registre-epi.com\/bienvenu\/wp-json\/wp\/v2\/media?parent=50"}],"curies":[{"name":"wp","href":"https:\/\/api.w.org\/{rel}","templated":true}]}}